{"id":259,"date":"2016-03-07T14:34:12","date_gmt":"2016-03-07T13:34:12","guid":{"rendered":"http:\/\/www.stowarzyszeniedarserca.org.pl\/?page_id=259"},"modified":"2020-05-05T20:10:58","modified_gmt":"2020-05-05T18:10:58","slug":"dofinansowanie-do-zielonej-szkoly-2016","status":"publish","type":"page","link":"http:\/\/www.stowarzyszeniedarserca.org.pl\/index.php\/dofinansowanie-do-zielonej-szkoly-2016\/","title":{"rendered":"PAJACYKOWA SIE\u0106 POMOCOWA"},"content":{"rendered":"\n<p><a href=\"https:\/\/www.facebook.com\/darsercastowarzyszenie\/?__tn__=K-R&amp;eid=ARA_epd-0jQ-hsveG_DbMJLKSRGie-BasSMbmWMu36Z4I2pXxA6dMAr_1UamzNWGrrCVxTzs41Mk3IqM&amp;fref=mentions&amp;__xts__%5B0%5D=68.ARAtkUBMuD6T_hKnU5txYY0W7lBdum2CxnJXJpIq_vG9tQQDx_WWaRsJvsLVThLa_vBchnzJbGqfk4XHdTe7oWc5qGTjzrdmjCysOX75ZE2JBLf8mXZwOlaA5S9ghc4mUHqZ339xsiM4-LMg27h7zQRhOuEqk7JS53RLo9kA6urLPY3Qi0gP8RmwRiBHJT3aKKCSxX6m6yMUv1gI8bAiXgXIrqPHeFdPgsyQWsX_AEg2rG0wLC1_mKiaS8-2Hu0kb54t\">Stowarzyszenie DAR SERCA<\/a> dzia\u0142a z <a href=\"https:\/\/www.facebook.com\/hashtag\/pajacykbezprzerwy?source=feed_text&amp;epa=HASHTAG&amp;__xts__%5B0%5D=68.ARAtkUBMuD6T_hKnU5txYY0W7lBdum2CxnJXJpIq_vG9tQQDx_WWaRsJvsLVThLa_vBchnzJbGqfk4XHdTe7oWc5qGTjzrdmjCysOX75ZE2JBLf8mXZwOlaA5S9ghc4mUHqZ339xsiM4-LMg27h7zQRhOuEqk7JS53RLo9kA6urLPY3Qi0gP8RmwRiBHJT3aKKCSxX6m6yMUv1gI8bAiXgXIrqPHeFdPgsyQWsX_AEg2rG0wLC1_mKiaS8-2Hu0kb54t&amp;__tn__=%2ANK-R\">#PajacykBezPrzerwy<\/a> na rzecz dzieci z D\u0105browy G\u00f3rniczej.<\/p>\n\n\n\n<p>Zamkni\u0119cie szk\u00f3\u0142 na skutek pandemii COVID19 \u2013 to dla wielu dzieci koniec regularnych posi\u0142k\u00f3w, a nawet odebranie jedynej szansy na spo\u017cycie ciep\u0142ego posi\u0142ku w ci\u0105gu dnia.<\/p>\n\n\n\n<p>Stowarzyszenie DAR SERCA, <a href=\"https:\/\/www.facebook.com\/PajacykPL\/?__tn__=K-R&amp;eid=ARDOP0DLtXSrodfx5So0IRbHAE8lXBvd6uQhR7FMBX6-MmPg-ap_UppdnhL4tyylk5NReT35IiGFMiEm&amp;fref=mentions&amp;__xts__%5B0%5D=68.ARAtkUBMuD6T_hKnU5txYY0W7lBdum2CxnJXJpIq_vG9tQQDx_WWaRsJvsLVThLa_vBchnzJbGqfk4XHdTe7oWc5qGTjzrdmjCysOX75ZE2JBLf8mXZwOlaA5S9ghc4mUHqZ339xsiM4-LMg27h7zQRhOuEqk7JS53RLo9kA6urLPY3Qi0gP8RmwRiBHJT3aKKCSxX6m6yMUv1gI8bAiXgXIrqPHeFdPgsyQWsX_AEg2rG0wLC1_mKiaS8-2Hu0kb54t\">Pajacyk &#8211; Polska Akcja Humanitarna<\/a> i Pajacykowa Sie\u0107 Pomocowa dzia\u0142aj\u0105 ze zdwojon\u0105 si\u0142\u0105! Nie robimy sobie przerwy od obowi\u0105zk\u00f3w  \u00a0 i podejmujemy dzia\u0142ania dla tych, kt\u00f3rzy tej\u00a0 pomocy potrzebuj\u0105 teraz najbardziej.\u00a0<\/p>\n\n\n\n<p>Dzisiaj <strong>Stowarzyszenie DAR SERCA przekaza\u0142o&nbsp; 100 paczek \u015bwi\u0105tecznych zawieraj\u0105cych artyku\u0142y \u017cywno\u015bciowe, higieniczne i \u015bwi\u0105teczne dla dzieci w D\u0105browie G\u00f3rniczej.<\/strong><\/p>\n\n\n\n<p><strong>Dystrybucja paczek odby\u0142a si\u0119 bardzo sprawnie dzi\u0119ki pomocy udzielonej przez firm\u0119<\/strong> <a href=\"https:\/\/www.facebook.com\/Platinium.Fitness\/?__tn__=%2CdK%2AF-R&amp;eid=ARDCai4iBIQwr8PGBTzWmul5Ozjlq17oF1No1iMMNNpI4xYHHpMB_oYT4HRPzuNgusC2G091_x0T_ekC\">Platinium Fitness Club<\/a> Sp. z o.o.<strong> <\/strong>z Krakowa oraz wsp\u00f3\u0142pracy z Auchan, pracownikami d\u0105browskich plac\u00f3wek o\u015bwiatowych.&nbsp; Dzi\u0119kujmy za wsparcie naszych dzia\u0142a\u0144. Byli\u015bcie dziasia<\/p>\n\n\n\n<p>Chcesz pom\u00f3c? <a href=\"https:\/\/pomagamy.pl\/pajacyk\/16-2251\">https:\/\/pomagamy.pl\/pajacyk\/16-2251<\/a>, pomagaj z nami.&nbsp; Potrzeby&nbsp; dzieci rosn\u0105 ka\u017cdego dnia, prosimy o wsparcie.<\/p>\n\n\n<ul>\n<li><a href=\"http:\/\/www.stowarzyszeniedarserca.org.pl\/wp-content\/uploads\/2019\/12\/Pismo-do-szk\u00f3\u0142-2019-Pajacykowa-Sie\u0107-Pomocowa.doc\">Pismo do szk\u00f3\u0142<\/a><\/li>\n<li><a href=\"http:\/\/www.stowarzyszeniedarserca.org.pl\/wp-content\/uploads\/2019\/12\/ABC_programu.docx\">ABC programu<\/a><\/li>\n<li><a href=\"http:\/\/www.stowarzyszeniedarserca.org.pl\/wp-content\/uploads\/2019\/12\/Kopia-rozliczenie_miesieczne_szkola-1.xlsx\">Wz\u00f3r rozliczenie miesi\u0119czne<\/a><\/li>\n<li><a href=\"http:\/\/www.stowarzyszeniedarserca.org.pl\/wp-content\/uploads\/2019\/12\/Kopia-rozliczenie_zbiorcze_szkola-1.xlsx\">Wz\u00f3r rozliczenie zbiorcze<\/a><\/li>\n<li><a href=\"http:\/\/www.stowarzyszeniedarserca.org.pl\/wp-content\/uploads\/2019\/12\/Za\u0142\u0105cznik_nr_1-1.docx\">Za\u0142\u0105cznik nr 1<\/a><\/li>\n<li><a href=\"http:\/\/www.stowarzyszeniedarserca.org.pl\/wp-content\/uploads\/2019\/12\/ZA\u0141_4-1.docx\">Za\u0142\u0105cznik nr 4<\/a><\/li>\n<li><a href=\"http:\/\/www.stowarzyszeniedarserca.org.pl\/wp-content\/uploads\/2019\/12\/wzor_umowy_z_plac\u00f3wkami-1.docx\">Wz\u00f3r umowy z plac\u00f3wkami<\/a><\/li>\n<\/ul>","protected":false},"excerpt":{"rendered":"<p>Stowarzyszenie DAR SERCA dzia\u0142a z #PajacykBezPrzerwy na rzecz dzieci z D\u0105browy G\u00f3rniczej. Zamkni\u0119cie szk\u00f3\u0142 na skutek pandemii COVID19 \u2013 to\u2026<\/p>\n","protected":false},"author":1,"featured_media":0,"parent":0,"menu_order":0,"comment_status":"closed","ping_status":"closed","template":"","meta":{"footnotes":""},"class_list":["post-259","page","type-page","status-publish","hentry"],"_links":{"self":[{"href":"http:\/\/www.stowarzyszeniedarserca.org.pl\/index.php\/wp-json\/wp\/v2\/pages\/259","targetHints":{"allow":["GET"]}}],"collection":[{"href":"http:\/\/www.stowarzyszeniedarserca.org.pl\/index.php\/wp-json\/wp\/v2\/pages"}],"about":[{"href":"http:\/\/www.stowarzyszeniedarserca.org.pl\/index.php\/wp-json\/wp\/v2\/types\/page"}],"author":[{"embeddable":true,"href":"http:\/\/www.stowarzyszeniedarserca.org.pl\/index.php\/wp-json\/wp\/v2\/users\/1"}],"replies":[{"embeddable":true,"href":"http:\/\/www.stowarzyszeniedarserca.org.pl\/index.php\/wp-json\/wp\/v2\/comments?post=259"}],"version-history":[{"count":13,"href":"http:\/\/www.stowarzyszeniedarserca.org.pl\/index.php\/wp-json\/wp\/v2\/pages\/259\/revisions"}],"predecessor-version":[{"id":1845,"href":"http:\/\/www.stowarzyszeniedarserca.org.pl\/index.php\/wp-json\/wp\/v2\/pages\/259\/revisions\/1845"}],"wp:attachment":[{"href":"http:\/\/www.stowarzyszeniedarserca.org.pl\/index.php\/wp-json\/wp\/v2\/media?parent=259"}],"curies":[{"name":"wp","href":"https:\/\/api.w.org\/{rel}","templated":true}]}}