{"id":1881,"date":"2020-05-12T21:24:20","date_gmt":"2020-05-12T19:24:20","guid":{"rendered":"http:\/\/www.stowarzyszeniedarserca.org.pl\/?page_id=1881"},"modified":"2020-05-12T21:24:24","modified_gmt":"2020-05-12T19:24:24","slug":"zdrowe-odzywianie","status":"publish","type":"page","link":"http:\/\/www.stowarzyszeniedarserca.org.pl\/index.php\/zdrowe-odzywianie\/","title":{"rendered":"Zdrowe od\u017cywianie"},"content":{"rendered":"\n<p>Zapraszamy Was nasi Podopieczni do kolejnych naszych \u015bwietlicowych aktywno\u015bci.<\/p>\n\n\n\n<p>Wychowawcy \u015bwietlicy<\/p>\n\n\n\n<p>Wiele razy rozmawiali\u015bmy z Wami o piramidzie \u017cywieniowej- dzi\u015b mamy dla Was puzzle online \u2013 oto piramida zdrowego \u017cywienia i aktywno\u015bci fizycznej :<\/p>\n\n\n\n<p><a href=\"https:\/\/puzzlefactory.pl\/pl\/puzzle\/graj\/jedzenie\/217452-piramida-zdrowego-%C5%BCywienia-i-aktywno%C5%9Bci-fizycznej\">https:\/\/puzzlefactory.pl\/pl\/puzzle\/graj\/jedzenie\/217452-piramida-zdrowego-%C5%BCywienia-i-aktywno%C5%9Bci-fizycznej<\/a><\/p>\n\n\n\n<p><\/p>\n\n\n\n<p>Z pewno\u015bci\u0105 ka\u017cdy z Was zna Gang \u015awie\u017cak\u00f3w \ud83d\ude42 Dzi\u015b przypomnimy Wam co to piramida \u017cywienia, obejrzyjcie ten filmik&nbsp;<\/p>\n\n\n\n<figure class=\"wp-block-embed-youtube wp-block-embed is-type-video is-provider-youtube wp-embed-aspect-16-9 wp-has-aspect-ratio\"><div class=\"wp-block-embed__wrapper\">\nhttps:\/\/www.youtube.com\/watch?v=5IQBQBvgjrg\n<\/div><\/figure>\n\n\n\n<p>Z pewno\u015bci\u0105 ka\u017cdy z Was zna Gang \u015awie\u017cak\u00f3w \ud83d\ude42 Dzi\u015b naucz\u0105 Was co to piramida \u017cywienia, obejrzyjcie ten filmik z Waszymi ulubionymi bohaterami :<\/p>\n\n\n\n<figure class=\"wp-block-embed-youtube wp-block-embed is-type-video is-provider-youtube wp-embed-aspect-16-9 wp-has-aspect-ratio\"><div class=\"wp-block-embed__wrapper\">\n<iframe loading=\"lazy\" title=\"Gang \u015awie\u017cak\u00f3w 2 \u2013 Piramida \u017bywienia\" width=\"640\" height=\"360\" src=\"https:\/\/www.youtube.com\/embed\/7_Y8QekljEo?feature=oembed\" frameborder=\"0\" allow=\"accelerometer; autoplay; clipboard-write; encrypted-media; gyroscope; picture-in-picture; web-share\" referrerpolicy=\"strict-origin-when-cross-origin\" allowfullscreen><\/iframe>\n<\/div><\/figure>\n\n\n\n<p>Na tym blogu znajdziecie \u015bwietny pomys\u0142 na \u201emarchewkow\u0105\u201d prac\u0119 plastyczn\u0105. Do dzie\u0142a! \ud83d\ude42<\/p>\n\n\n\n<figure class=\"wp-block-embed-wordpress wp-block-embed is-type-wp-embed is-provider-kreatywnie-aktywnie\"><div class=\"wp-block-embed__wrapper\">\nhttp:\/\/kreatywnieaktywnie.pl\/namarchewkiurodziny\/\n<\/div><\/figure>\n\n\n\n<p>Starsze dzieci mog\u0105 spr\u00f3bowa\u0107 uszy\u0107 z filcu owoce lub warzywa. Pani Marta szyje od lat takie oto zestawy warzyw i owoc\u00f3w&nbsp; \ud83d\ude42&nbsp; Mog\u0105 by\u0107 dekoracj\u0105 pokoju,&nbsp; zabawk\u0105, a&nbsp; po do\u0142o\u017ceniu k\u00f3\u0142eczka &#8211; super brelokiem \ud83d\ude42 Je\u015bli tylko macie filc i ochot\u0119 spr\u00f3bowa\u0107 szycia- pani Marta czeka na kontakt- ch\u0119tnie pomo\u017ce i podpowie!&nbsp; \ud83d\ude42<\/p>\n\n\n\n<p>A mo\u017ce sprawdzicie si\u0119 w <a href=\"https:\/\/samequizy.pl\/gdzie-wyrastaja-te-owoce-i-warzywa\/\">owocowo- warzywnych quizach?<\/a> Sprawd\u017acie ile punkt\u00f3w uda Wam s\u0119 zdoby\u0107<\/p>\n\n\n\n<p><\/p>\n\n\n\n<p><a href=\"https:\/\/samequizy.pl\/czy-rozpoznasz-warzywa-i-owoce-na-czarno-bialych-zdjeciach\/\">https:\/\/samequizy.pl\/czy-rozpoznasz-warzywa-i-owoce-na-czarno-bialych-zdjeciach\/<\/a><\/p>\n\n\n\n<p>Zaskocz domownik\u00f3w w\u0142asnor\u0119cznie stworzonym zdrowym deserem? Sprawd\u017a jak \u0142atwo i szybko zrobisz pyszn\u0105 sa\u0142atk\u0119 owocow\u0105 \ud83d\ude42<\/p>\n\n\n\n<p><a href=\"https:\/\/mamotoja.pl\/owocowa-salatka-przepis-dla-dzieci,przepisy-przepis,1705,r2.html\">https:\/\/mamotoja.pl\/owocowa-salatka-przepis-dla-dzieci,przepisy-przepis,1705,r2.html<\/a><\/p>\n","protected":false},"excerpt":{"rendered":"<p>Zapraszamy Was nasi Podopieczni do kolejnych naszych \u015bwietlicowych aktywno\u015bci. Wychowawcy \u015bwietlicy Wiele razy rozmawiali\u015bmy z Wami o piramidzie \u017cywieniowej- dzi\u015b\u2026<\/p>\n","protected":false},"author":1,"featured_media":0,"parent":0,"menu_order":0,"comment_status":"closed","ping_status":"closed","template":"","meta":{"footnotes":""},"class_list":["post-1881","page","type-page","status-publish","hentry"],"_links":{"self":[{"href":"http:\/\/www.stowarzyszeniedarserca.org.pl\/index.php\/wp-json\/wp\/v2\/pages\/1881","targetHints":{"allow":["GET"]}}],"collection":[{"href":"http:\/\/www.stowarzyszeniedarserca.org.pl\/index.php\/wp-json\/wp\/v2\/pages"}],"about":[{"href":"http:\/\/www.stowarzyszeniedarserca.org.pl\/index.php\/wp-json\/wp\/v2\/types\/page"}],"author":[{"embeddable":true,"href":"http:\/\/www.stowarzyszeniedarserca.org.pl\/index.php\/wp-json\/wp\/v2\/users\/1"}],"replies":[{"embeddable":true,"href":"http:\/\/www.stowarzyszeniedarserca.org.pl\/index.php\/wp-json\/wp\/v2\/comments?post=1881"}],"version-history":[{"count":1,"href":"http:\/\/www.stowarzyszeniedarserca.org.pl\/index.php\/wp-json\/wp\/v2\/pages\/1881\/revisions"}],"predecessor-version":[{"id":1884,"href":"http:\/\/www.stowarzyszeniedarserca.org.pl\/index.php\/wp-json\/wp\/v2\/pages\/1881\/revisions\/1884"}],"wp:attachment":[{"href":"http:\/\/www.stowarzyszeniedarserca.org.pl\/index.php\/wp-json\/wp\/v2\/media?parent=1881"}],"curies":[{"name":"wp","href":"https:\/\/api.w.org\/{rel}","templated":true}]}}