{"id":1855,"date":"2020-05-12T21:02:34","date_gmt":"2020-05-12T19:02:34","guid":{"rendered":"http:\/\/www.stowarzyszeniedarserca.org.pl\/?page_id=1855"},"modified":"2020-05-12T21:02:37","modified_gmt":"2020-05-12T19:02:37","slug":"tradycje-i-zwyczaje-swiateczne","status":"publish","type":"page","link":"http:\/\/www.stowarzyszeniedarserca.org.pl\/index.php\/tradycje-i-zwyczaje-swiateczne\/","title":{"rendered":"Tradycje i zwyczaje \u015bwi\u0105teczne"},"content":{"rendered":"\n<p>1. Obejrzyjcie prezentacj\u0119 i sprawd\u017acie czy znacie wszystkie <a href=\"https:\/\/www.youtube.com\/watch?v=lnglzbx4H7Q\">tradycje \u015bwi\u0105teczne<\/a>.<\/p>\n\n\n\n<p><a href=\"\"><\/a><br>2. Lubicie audiobooki? Pos\u0142uchajcie koniecznie Historii Wielkanocnego Zaj\u0105czka! \ud83d\ude42<\/p>\n\n\n\n<figure class=\"wp-block-embed-youtube wp-block-embed is-type-video is-provider-youtube wp-embed-aspect-4-3 wp-has-aspect-ratio\"><div class=\"wp-block-embed__wrapper\">\n<iframe loading=\"lazy\" title=\"Historia Wielkanocnego Zaj\u0105czka - audiobook\" width=\"640\" height=\"480\" src=\"https:\/\/www.youtube.com\/embed\/vjQrmmMiVas?feature=oembed\" frameborder=\"0\" allow=\"accelerometer; autoplay; clipboard-write; encrypted-media; gyroscope; picture-in-picture; web-share\" referrerpolicy=\"strict-origin-when-cross-origin\" allowfullscreen><\/iframe>\n<\/div><\/figure>\n\n\n\n<p>3. Tutaj mo\u017cecie u\u0142o\u017cy\u0107 <a href=\"https:\/\/www.grypuzzle.pl\/puzle-kosz-z-pisanki_12216.html\">wielkanocne puzzle<\/a>&#8211; powodzenia!\u00a0<\/p>\n\n\n\n<p><br>4. Proponujemy tak\u017ce<a href=\"https:\/\/mamotoja.pl\/wiekanoc-quiz-wiedzy-o-wielkanocy,quizy-psychotest,1272,r4.html\"> quiz wielkanocny<\/a>&#8211; sprawd\u017acie ile wiecie na temat zbli\u017caj\u0105cych si\u0119 \u015bwi\u0105t!<\/p>\n\n\n\n<p>5. Praca plastyczna- \u015bliczny zaj\u0105czek z rolki po papierze- do dzie\u0142a!<\/p>\n\n\n\n<figure class=\"wp-block-embed-youtube wp-block-embed is-type-video is-provider-youtube wp-embed-aspect-16-9 wp-has-aspect-ratio\"><div class=\"wp-block-embed__wrapper\">\n<iframe loading=\"lazy\" title=\"Zaj\u0105czki z rolek po papierze\" width=\"640\" height=\"360\" src=\"https:\/\/www.youtube.com\/embed\/x9WDjHAtaXw?feature=oembed\" frameborder=\"0\" allow=\"accelerometer; autoplay; clipboard-write; encrypted-media; gyroscope; picture-in-picture; web-share\" referrerpolicy=\"strict-origin-when-cross-origin\" allowfullscreen><\/iframe>\n<\/div><\/figure>\n\n\n\n<p>6. Poczytajcie o wielu tradycjach wielkanocnych w naszym kraju \ud83d\ude42<\/p>\n\n\n\n<figure class=\"wp-block-embed-wordpress wp-block-embed is-type-wp-embed is-provider-garneczki-pl-blog\"><div class=\"wp-block-embed__wrapper\">\nhttps:\/\/www.garneczki.pl\/blog\/tradycje-i-zwyczaje-wielkanocne-w-polsce\/\n<\/div><\/figure>\n\n\n\n<p>Koniecznie przysy\u0142ajcie nam zdj\u0119cia swoich prac plastycznych- pami\u0119tajcie, \u017ce w ten spos\u00f3b mo\u017cecie zdoby\u0107 punkty na bazarek!<\/p>\n\n\n\n<p>Wszystkich ch\u0119tnych korzystaj\u0105cych z aplikacji Messenger zapraszamy do naszej nowej grupy \u2013 napiszcie do nas wiadomo\u015b\u0107, a my Was do niej dodamy \ud83d\ude42<\/p>\n\n\n\n<p>Zarazkom sio!! \ud83d\ude0e\ud83c\udfb6<\/p>\n\n\n\n<p><a href=\"https:\/\/www.edumuz.pl\/produkty\/399\/sio-zarazki\">https:\/\/www.edumuz.pl\/produkty\/399\/sio-zarazki<\/a><\/p>\n\n\n\n<p>Dzisiaj proponujemy Wam<a href=\"https:\/\/mamotoja.pl\/wiekanoc-quiz-wiedzy-o-wielkanocy,quizy-psychotest,1272,r4.html\"> quiz wielkanocny<\/a>&#8211; sprawd\u017acie, ile wiecie na temat zbli\u017caj\u0105cych si\u0119 \u015bwi\u0105t!\u00a0<\/p>\n\n\n\n<p><a href=\"https:\/\/www.grypuzzle.pl\/puzle-kosz-z-pisanki_12216.html\">Mo\u017cecie tak\u017ce u\u0142o\u017cy\u0107 wielkanocne puzzle- <strong>powodzenia!<\/strong><\/a><\/p>\n\n\n\n<p>Poczytajcie o wielu tradycjach wielkanocnych w naszym kraju<\/p>\n\n\n\n<p><a href=\"https:\/\/www.garneczki.pl\/\u2026\/tradycje-i-zwyczaje-wielkano\u2026\">https:\/\/www.garneczki.pl\/\u2026\/tradycje-i-zwyczaje-wielkano\u2026<\/a><\/p>\n\n\n\n<p><br>Dzisiaj poznajcie\u201d <strong>Nietypowe zwyczaje wielkanocne na \u015bwiecie<\/strong>\u201d.<\/p>\n\n\n\n<p><a href=\"http:\/\/www.sp18dg.pl\/wp-content\/uploads\/2020\/04\/Nietypowe-zwyczaje-wielkanocne-na-%C5%9Bwiecie.pdf\">Nietypowe zwyczaje wielkanocne na \u015bwiecie<\/a><\/p>\n\n\n\n<p>Proponujemy Wam tak\u017ce na dzisiejszy wiecz\u00f3r s\u0142uchowisko:<strong><br><\/strong><a href=\"https:\/\/www.youtube.com\/watch?v=qi2_Byl6Ji0\"><strong>\u201e<\/strong>Nieznane przygody Miko\u0142ajka \u2013 Jajko wielkanocne\u201d<\/a><br><\/p>\n\n\n\n<p>Wszystkich ch\u0119tnych korzystaj\u0105cych z aplikacji Messenger zapraszamy do naszej nowej grupy \u2013 napiszcie do nas wiadomo\u015b\u0107, a my Was do niej dodamy.<\/p>\n\n\n\n<p>Du\u017co zdrowia \u017cyczymy, pozdrawiamy!<\/p>\n\n\n\n<p>Wychowawczynie Krainy Przyja\u017ani \u2665<\/p>\n","protected":false},"excerpt":{"rendered":"<p>1. Obejrzyjcie prezentacj\u0119 i sprawd\u017acie czy znacie wszystkie tradycje \u015bwi\u0105teczne. 2. Lubicie audiobooki? Pos\u0142uchajcie koniecznie Historii Wielkanocnego Zaj\u0105czka! \ud83d\ude42 3.\u2026<\/p>\n","protected":false},"author":1,"featured_media":0,"parent":0,"menu_order":0,"comment_status":"closed","ping_status":"closed","template":"","meta":{"footnotes":""},"class_list":["post-1855","page","type-page","status-publish","hentry"],"_links":{"self":[{"href":"http:\/\/www.stowarzyszeniedarserca.org.pl\/index.php\/wp-json\/wp\/v2\/pages\/1855","targetHints":{"allow":["GET"]}}],"collection":[{"href":"http:\/\/www.stowarzyszeniedarserca.org.pl\/index.php\/wp-json\/wp\/v2\/pages"}],"about":[{"href":"http:\/\/www.stowarzyszeniedarserca.org.pl\/index.php\/wp-json\/wp\/v2\/types\/page"}],"author":[{"embeddable":true,"href":"http:\/\/www.stowarzyszeniedarserca.org.pl\/index.php\/wp-json\/wp\/v2\/users\/1"}],"replies":[{"embeddable":true,"href":"http:\/\/www.stowarzyszeniedarserca.org.pl\/index.php\/wp-json\/wp\/v2\/comments?post=1855"}],"version-history":[{"count":2,"href":"http:\/\/www.stowarzyszeniedarserca.org.pl\/index.php\/wp-json\/wp\/v2\/pages\/1855\/revisions"}],"predecessor-version":[{"id":1859,"href":"http:\/\/www.stowarzyszeniedarserca.org.pl\/index.php\/wp-json\/wp\/v2\/pages\/1855\/revisions\/1859"}],"wp:attachment":[{"href":"http:\/\/www.stowarzyszeniedarserca.org.pl\/index.php\/wp-json\/wp\/v2\/media?parent=1855"}],"curies":[{"name":"wp","href":"https:\/\/api.w.org\/{rel}","templated":true}]}}